{"id":477,"date":"2018-04-13T11:23:59","date_gmt":"2018-04-13T09:23:59","guid":{"rendered":"http:\/\/www.bouwkeet1.nl\/?page_id=477"},"modified":"2020-01-28T15:41:51","modified_gmt":"2020-01-28T13:41:51","slug":"de-steeg-leunen","status":"publish","type":"page","link":"https:\/\/www.bouwkeet1.nl\/index.php\/de-steeg-leunen\/","title":{"rendered":"&#8216;De Steeg&#8217; Leunen"},"content":{"rendered":"<p>&nbsp;<\/p>\n<p>Op de locatie van de voormalige uitgaansgelegenheid \u2018De Steeg\u2019 aan de rand van Leunen, hebben wij tien twee-onder-\u00e9\u00e9n-kap woningen en drie levensloopbestendige woningen gerealiseerd. Als bouwkeet1 hebben wij voor de benodigde vergunningen gezorgd en hebben wij in de engineeringsfase gezocht naar aansluiting op de marktbehoeftes. Binnen dit project zijn er twee formaten twee-onder-een-kap woningen en is er aan de kopers van de seniorenwoningen een groot scala aan indelingsmogelijkheden aangeboden. Onze toegevoegde waarde daarbij\u00a0was om zo veel mogelijk te voldoen aan de individuele wensen van de kopers in een seriematige woningbouw. De woningen zijn onderhoudsvriendelijk qua materialisatie en energetisch up-to-date.<\/p>\n<p>&nbsp;<\/p>\n","protected":false},"excerpt":{"rendered":"<p>&nbsp; Op de locatie van de voormalige uitgaansgelegenheid \u2018De Steeg\u2019 aan de rand van Leunen, hebben wij tien twee-onder-\u00e9\u00e9n-kap woningen en drie levensloopbestendige woningen gerealiseerd. Als bouwkeet1 hebben wij voor de benodigde vergunningen gezorgd en hebben wij in de engineeringsfase gezocht naar aansluiting op de marktbehoeftes. Binnen dit project zijn er twee formaten twee-onder-een-kap woningen&hellip;<\/p>\n","protected":false},"author":4,"featured_media":684,"parent":0,"menu_order":0,"comment_status":"closed","ping_status":"closed","template":"page-templates\/full-width-page.php","meta":{"advanced_seo_description":"","spay_email":""},"jetpack_sharing_enabled":true,"jetpack_shortlink":"https:\/\/wp.me\/P9toOE-7H","jetpack-related-posts":[{"id":582,"url":"https:\/\/www.bouwkeet1.nl\/index.php\/8-woningen-zeelenberg-venray\/","url_meta":{"origin":477,"position":0},"title":"8 woningen Zeelenberg Venray","date":"18\/10\/2018","format":false,"excerpt":"\u00a0 In bouwplan Aan den Heuvel\u00a0te Venray\u00a0hebben wij\u00a08 twee-onder-een-kapwoningen gebouwd. Dit project is een evolutie van eerder door ons gerealiseerde woningen op de locatie Aan den Heuvel in Venray. Inmiddels hebben wij een aantal projecten op de locatie Aan den Heuvel op onze naam staan. Tijdens de realisatie van deze\u2026","rel":"","context":"Soortgelijk bericht","img":{"alt_text":"","src":"https:\/\/i0.wp.com\/www.bouwkeet1.nl\/wp-content\/uploads\/Zeelenberg-8-woningen.png?fit=1200%2C900&ssl=1&resize=350%2C200","width":350,"height":200},"classes":[]},{"id":466,"url":"https:\/\/www.bouwkeet1.nl\/index.php\/8-twee-onder-een-kap-woningen-gemeente-horst-aan-de-maas\/","url_meta":{"origin":477,"position":1},"title":"8 twee onder \u00e9\u00e9n kap woningen, Gemeente Horst aan de Maas","date":"13\/04\/2018","format":false,"excerpt":"\u00a0 Verdeeld over drie locaties bouwen wij in de Gemeente Horst aan de Maas een achttal twee onder \u00e9\u00e9n kap woningen. Deze woningen zijn onderdeel van \u00e9\u00e9n CPO project. In overleg hebben wij als Bouwkeet1 de specifieke klantwensen vertaald naar het product. Daarbij hebben wij rekening gehouden met de wensen\u2026","rel":"","context":"Soortgelijk bericht","img":{"alt_text":"","src":"https:\/\/i0.wp.com\/www.bouwkeet1.nl\/wp-content\/uploads\/BouwmijJanssen_MeteriksVeld_BASE_05_s.jpg?fit=1200%2C800&ssl=1&resize=350%2C200","width":350,"height":200},"classes":[]},{"id":409,"url":"https:\/\/www.bouwkeet1.nl\/index.php\/8-woningen-haviklaan-venray\/","url_meta":{"origin":477,"position":2},"title":"8 woningen Haviklaan Venray","date":"12\/01\/2018","format":false,"excerpt":"\u00a0 Dit project is door ontwikkelaar Loobeek ontwikkeld. Bouwkeet 1 heeft het project vanaf het schetsontwerp geheel in BIM ge\u00ebngineerd. Bij de realisatie wordt een BIM-model met alle koperskeuzes gebruikt als leidraad. Deze serie van 8 twee-onder-een-kap woningen heeft door juiste materiaalkeuzes een sprekend uiterlijk. De kopers hebben gebruik gemaakt\u2026","rel":"","context":"Soortgelijk bericht","img":{"alt_text":"8 woningen Haviklaan Venray","src":"https:\/\/i0.wp.com\/www.bouwkeet1.nl\/wp-content\/uploads\/Bouwmij_Janssen_project_BASE_14_s.jpg?fit=1200%2C800&ssl=1&resize=350%2C200","width":350,"height":200},"classes":[]},{"id":257,"url":"https:\/\/www.bouwkeet1.nl\/index.php\/6-woningen-aan-de-broekweg-venray\/","url_meta":{"origin":477,"position":3},"title":"6 Woningen, Broekweg Venray","date":"21\/11\/2016","format":false,"excerpt":"\u00a0 In opdracht van ontwikkelcombinatie Loobeek hebben\u00a0wij 6 nieuwbouw woningen op het nieuwbouwplan \u2018aan den Heuvel\u2019 Venray gebouwd. Dit is de derde fase van een succesvolle serie woningen. Een prima woningindeling in combinatie met maximale flexibiliteit voor de kopers maken dit woningen voor een brede doelgroep. Door het bundelen van\u2026","rel":"","context":"Soortgelijk bericht","img":{"alt_text":"","src":"https:\/\/i0.wp.com\/www.bouwkeet1.nl\/wp-content\/uploads\/6154-6-woningen-Broekweg2.jpg?fit=1200%2C1021&ssl=1&resize=350%2C200","width":350,"height":200},"classes":[]},{"id":250,"url":"https:\/\/www.bouwkeet1.nl\/index.php\/12-woningen-meterik\/","url_meta":{"origin":477,"position":4},"title":"12 woningen Meterik","date":"21\/11\/2016","format":false,"excerpt":"\u00a0 Samen met Startpunt Wonen uit Horst hebben wij 12 nieuwbouwwoningen in 'het Meteriks veld' in Meterik gerealiseerd. Deze\u00a0serie woningen bestaat uit twee blokken van 4 woningen en twee blokken twee- onder \u00e9\u00e9n kap woningen. Deze woningtypes zijn voor uiteenlopende\u00a0doelgroepen geschikt.\u00a0Door flexibele indelingen, legio uitbreidingsmogelijkheden en een intressante verkoopprijs waren\u2026","rel":"","context":"Soortgelijk bericht","img":{"alt_text":"12 woningen Meteriksveld","src":"https:\/\/i0.wp.com\/www.bouwkeet1.nl\/wp-content\/uploads\/Bouwmij_Janssen_project_BASE_06_s.jpg?fit=1200%2C800&ssl=1&resize=350%2C200","width":350,"height":200},"classes":[]},{"id":353,"url":"https:\/\/www.bouwkeet1.nl\/index.php\/20-woningen-nuland-en-vinkel\/","url_meta":{"origin":477,"position":5},"title":"20 woningen Nuland en Vinkel","date":"20\/11\/2017","format":false,"excerpt":"\u00a0 In Nuland en Vinkel zijn voor woningstichting Mooiland uit Grave 20 BENG (Bijna Energie Neutrale Woningen) woningen ontwikkeld. Woningstichting Mooiland heeft ons in april 2017 de vraag gesteld of wij in staat zijn om voor hen 20 energiezuinige levensloopbestendige woningen te ontwikkelen en te realiseren. Deze uitdaging hebben wij\u2026","rel":"","context":"Soortgelijk bericht","img":{"alt_text":"","src":"https:\/\/i0.wp.com\/www.bouwkeet1.nl\/wp-content\/uploads\/BouwmijJanssen_Nuland_BASE_05_s.jpg?fit=1200%2C800&ssl=1&resize=350%2C200","width":350,"height":200},"classes":[]}],"_links":{"self":[{"href":"https:\/\/www.bouwkeet1.nl\/index.php\/wp-json\/wp\/v2\/pages\/477"}],"collection":[{"href":"https:\/\/www.bouwkeet1.nl\/index.php\/wp-json\/wp\/v2\/pages"}],"about":[{"href":"https:\/\/www.bouwkeet1.nl\/index.php\/wp-json\/wp\/v2\/types\/page"}],"author":[{"embeddable":true,"href":"https:\/\/www.bouwkeet1.nl\/index.php\/wp-json\/wp\/v2\/users\/4"}],"replies":[{"embeddable":true,"href":"https:\/\/www.bouwkeet1.nl\/index.php\/wp-json\/wp\/v2\/comments?post=477"}],"version-history":[{"count":3,"href":"https:\/\/www.bouwkeet1.nl\/index.php\/wp-json\/wp\/v2\/pages\/477\/revisions"}],"predecessor-version":[{"id":733,"href":"https:\/\/www.bouwkeet1.nl\/index.php\/wp-json\/wp\/v2\/pages\/477\/revisions\/733"}],"wp:featuredmedia":[{"embeddable":true,"href":"https:\/\/www.bouwkeet1.nl\/index.php\/wp-json\/wp\/v2\/media\/684"}],"wp:attachment":[{"href":"https:\/\/www.bouwkeet1.nl\/index.php\/wp-json\/wp\/v2\/media?parent=477"}],"curies":[{"name":"wp","href":"https:\/\/api.w.org\/{rel}","templated":true}]}}