{"id":820,"date":"2022-02-21T14:53:39","date_gmt":"2022-02-21T12:53:39","guid":{"rendered":"https:\/\/www.bouwkeet1.nl\/?page_id=820"},"modified":"2022-02-21T14:53:40","modified_gmt":"2022-02-21T12:53:40","slug":"6-llb-woningen","status":"publish","type":"page","link":"https:\/\/www.bouwkeet1.nl\/index.php\/6-llb-woningen\/","title":{"rendered":"6 LLB woningen"},"content":{"rendered":"\n<p>Dit project betreft zes nultreden-\/senioren woningen aan de Koppertweg in Melderslo. De rijwoningen zijn in een boerderijvorm ontworpen en verdeeld in twee types: vier schuurwoningen met overstek en twee kopgevelwoningen. De constructie is traditioneel opgebouwd doormiddel van een betonnen strokenfundering, kalkzandsteen wanden, kanaalvloeren en een prefab schuine dakconstructie met pannen. Deze gasloze woningen worden verwarmd doormiddel van een ventilatie warmtepomp en vloerverwarming in combinatie met elektrische radiatoren. De huurders kunnen genieten van een hoog comfort mede door de 12 zonnepanelen per woning en een maximale EPC-waarde van 0,03.<\/p>\n","protected":false},"excerpt":{"rendered":"<p>Dit project betreft zes nultreden-\/senioren woningen aan de Koppertweg in Melderslo. De rijwoningen zijn in een boerderijvorm ontworpen en verdeeld in twee types: vier schuurwoningen met overstek en twee kopgevelwoningen. De constructie is traditioneel opgebouwd doormiddel van een betonnen strokenfundering, kalkzandsteen wanden, kanaalvloeren en een prefab schuine dakconstructie met pannen. Deze gasloze woningen worden verwarmd&hellip;<\/p>\n","protected":false},"author":4,"featured_media":817,"parent":0,"menu_order":0,"comment_status":"closed","ping_status":"closed","template":"","meta":{"advanced_seo_description":"","spay_email":""},"jetpack_sharing_enabled":true,"jetpack_shortlink":"https:\/\/wp.me\/P9toOE-de","jetpack-related-posts":[{"id":775,"url":"https:\/\/www.bouwkeet1.nl\/index.php\/9-woningen-america-2\/","url_meta":{"origin":820,"position":0},"title":"9 woningen America","date":"21\/02\/2022","format":false,"excerpt":"In America hebben we 9 sociale huurwoningen gerealiseerd, bestaande uit 4 eengezinswoningen en 5 levensloopbestendige woningen. De woningen zijn een gevolg van de 6 levensloopbestendige woningen die in 2018 gerealiseerd zijn in dezelfde wijk. De woningen zijn traditioneel gebouwd met funderingen en vloeren op staal, kalkzandsteen wanden, breedplaatvloeren en prefab\u2026","rel":"","context":"Soortgelijk bericht","img":{"alt_text":"","src":"https:\/\/i0.wp.com\/www.bouwkeet1.nl\/wp-content\/uploads\/Knipsel.png?fit=892%2C496&ssl=1&resize=350%2C200","width":350,"height":200},"classes":[]},{"id":764,"url":"https:\/\/www.bouwkeet1.nl\/index.php\/8-woningen-someren\/","url_meta":{"origin":820,"position":1},"title":"8 woningen Someren","date":"07\/01\/2021","format":false,"excerpt":"De 8 woningen in Someren is een ontwikkeling van Metselbedrijf Kleeven en de Wit die door Bouwkeet1 is gebouwd. Het betreft vier koop- en vier huurwoningen die allen levensloopbestendig zijn. De woningen zijn traditioneel opgebouwd doormiddel van kalkzandsteenwanden en breedplaatvloeren en heeft door diverse accenten in het gevelmetselwerk een bijzondere\u2026","rel":"","context":"Soortgelijk bericht","img":{"alt_text":"","src":"https:\/\/i0.wp.com\/www.bouwkeet1.nl\/wp-content\/uploads\/6151-Artist-Impression-architect-2020-01-31.jpg?fit=1200%2C724&ssl=1&resize=350%2C200","width":350,"height":200},"classes":[]},{"id":466,"url":"https:\/\/www.bouwkeet1.nl\/index.php\/8-twee-onder-een-kap-woningen-gemeente-horst-aan-de-maas\/","url_meta":{"origin":820,"position":2},"title":"8 twee onder \u00e9\u00e9n kap woningen, Gemeente Horst aan de Maas","date":"13\/04\/2018","format":false,"excerpt":"\u00a0 Verdeeld over drie locaties bouwen wij in de Gemeente Horst aan de Maas een achttal twee onder \u00e9\u00e9n kap woningen. Deze woningen zijn onderdeel van \u00e9\u00e9n CPO project. In overleg hebben wij als Bouwkeet1 de specifieke klantwensen vertaald naar het product. Daarbij hebben wij rekening gehouden met de wensen\u2026","rel":"","context":"Soortgelijk bericht","img":{"alt_text":"","src":"https:\/\/i0.wp.com\/www.bouwkeet1.nl\/wp-content\/uploads\/BouwmijJanssen_MeteriksVeld_BASE_05_s.jpg?fit=1200%2C800&ssl=1&resize=350%2C200","width":350,"height":200},"classes":[]},{"id":250,"url":"https:\/\/www.bouwkeet1.nl\/index.php\/12-woningen-meterik\/","url_meta":{"origin":820,"position":3},"title":"12 woningen Meterik","date":"21\/11\/2016","format":false,"excerpt":"\u00a0 Samen met Startpunt Wonen uit Horst hebben wij 12 nieuwbouwwoningen in 'het Meteriks veld' in Meterik gerealiseerd. Deze\u00a0serie woningen bestaat uit twee blokken van 4 woningen en twee blokken twee- onder \u00e9\u00e9n kap woningen. Deze woningtypes zijn voor uiteenlopende\u00a0doelgroepen geschikt.\u00a0Door flexibele indelingen, legio uitbreidingsmogelijkheden en een intressante verkoopprijs waren\u2026","rel":"","context":"Soortgelijk bericht","img":{"alt_text":"12 woningen Meteriksveld","src":"https:\/\/i0.wp.com\/www.bouwkeet1.nl\/wp-content\/uploads\/Bouwmij_Janssen_project_BASE_06_s.jpg?fit=1200%2C800&ssl=1&resize=350%2C200","width":350,"height":200},"classes":[]},{"id":353,"url":"https:\/\/www.bouwkeet1.nl\/index.php\/20-woningen-nuland-en-vinkel\/","url_meta":{"origin":820,"position":4},"title":"20 woningen Nuland en Vinkel","date":"20\/11\/2017","format":false,"excerpt":"\u00a0 In Nuland en Vinkel zijn voor woningstichting Mooiland uit Grave 20 BENG (Bijna Energie Neutrale Woningen) woningen ontwikkeld. Woningstichting Mooiland heeft ons in april 2017 de vraag gesteld of wij in staat zijn om voor hen 20 energiezuinige levensloopbestendige woningen te ontwikkelen en te realiseren. Deze uitdaging hebben wij\u2026","rel":"","context":"Soortgelijk bericht","img":{"alt_text":"","src":"https:\/\/i0.wp.com\/www.bouwkeet1.nl\/wp-content\/uploads\/BouwmijJanssen_Nuland_BASE_05_s.jpg?fit=1200%2C800&ssl=1&resize=350%2C200","width":350,"height":200},"classes":[]},{"id":409,"url":"https:\/\/www.bouwkeet1.nl\/index.php\/8-woningen-haviklaan-venray\/","url_meta":{"origin":820,"position":5},"title":"8 woningen Haviklaan Venray","date":"12\/01\/2018","format":false,"excerpt":"\u00a0 Dit project is door ontwikkelaar Loobeek ontwikkeld. Bouwkeet 1 heeft het project vanaf het schetsontwerp geheel in BIM ge\u00ebngineerd. Bij de realisatie wordt een BIM-model met alle koperskeuzes gebruikt als leidraad. Deze serie van 8 twee-onder-een-kap woningen heeft door juiste materiaalkeuzes een sprekend uiterlijk. De kopers hebben gebruik gemaakt\u2026","rel":"","context":"Soortgelijk bericht","img":{"alt_text":"8 woningen Haviklaan Venray","src":"https:\/\/i0.wp.com\/www.bouwkeet1.nl\/wp-content\/uploads\/Bouwmij_Janssen_project_BASE_14_s.jpg?fit=1200%2C800&ssl=1&resize=350%2C200","width":350,"height":200},"classes":[]}],"_links":{"self":[{"href":"https:\/\/www.bouwkeet1.nl\/index.php\/wp-json\/wp\/v2\/pages\/820"}],"collection":[{"href":"https:\/\/www.bouwkeet1.nl\/index.php\/wp-json\/wp\/v2\/pages"}],"about":[{"href":"https:\/\/www.bouwkeet1.nl\/index.php\/wp-json\/wp\/v2\/types\/page"}],"author":[{"embeddable":true,"href":"https:\/\/www.bouwkeet1.nl\/index.php\/wp-json\/wp\/v2\/users\/4"}],"replies":[{"embeddable":true,"href":"https:\/\/www.bouwkeet1.nl\/index.php\/wp-json\/wp\/v2\/comments?post=820"}],"version-history":[{"count":2,"href":"https:\/\/www.bouwkeet1.nl\/index.php\/wp-json\/wp\/v2\/pages\/820\/revisions"}],"predecessor-version":[{"id":824,"href":"https:\/\/www.bouwkeet1.nl\/index.php\/wp-json\/wp\/v2\/pages\/820\/revisions\/824"}],"wp:featuredmedia":[{"embeddable":true,"href":"https:\/\/www.bouwkeet1.nl\/index.php\/wp-json\/wp\/v2\/media\/817"}],"wp:attachment":[{"href":"https:\/\/www.bouwkeet1.nl\/index.php\/wp-json\/wp\/v2\/media?parent=820"}],"curies":[{"name":"wp","href":"https:\/\/api.w.org\/{rel}","templated":true}]}}